{"id":1026,"date":"2021-01-15T19:12:33","date_gmt":"2021-01-15T18:12:33","guid":{"rendered":"https:\/\/www.incansablestxaranga.com\/50-urtez\/"},"modified":"2021-01-16T09:36:44","modified_gmt":"2021-01-16T08:36:44","slug":"50-urtez","status":"publish","type":"page","link":"https:\/\/www.incansablestxaranga.com\/es\/50-urtez\/","title":{"rendered":"50 a\u00f1os"},"content":{"rendered":"<h2><strong>Hemos publicado un disco-libro sobre nuestros 50 a\u00f1os de historia<\/strong><\/h2>\n<ul>\n<li><strong>El disco est\u00e1 compuesto por nueve canciones; algunas de ellas recopiladas de otros discos, y otras no publicadas ni grabadas anteriormente.<\/strong><\/li>\n<li><strong>En el libro se recoge la historia de Incansables, proponiendo a los lectores algunas canciones y varios v\u00eddeos hist\u00f3ricos trav\u00e9s de c\u00f3digos QR.<\/strong><\/li>\n<li><strong>El trabajo est\u00e1 disponible en bares y comercios de diferentes localidades y en la p\u00e1gina web de la charanga.<\/strong><\/li>\n<li><strong>La presentaci\u00f3n ser\u00e1 el 22 de enero, a las 19:00, en la casa de cultura Biteri de Hernani.<\/strong><\/li>\n<\/ul>\n<p><a href=\"https:\/\/www.incansablestxaranga.com\/wp-content\/uploads\/2021\/01\/50-urtez-karratua-web.jpg\" rel=\"prettyphoto\"><img decoding=\"async\" class=\"alignright wp-image-1007 size-medium\" src=\"https:\/\/www.incansablestxaranga.com\/wp-content\/uploads\/2021\/01\/50-urtez-karratua-web-300x300.jpg\" alt=\"50 a\u00f1os de Incansables - un disco-libro sobre sus 50 a\u00f1os de historia\" width=\"300\" height=\"300\" srcset=\"https:\/\/www.incansablestxaranga.com\/wp-content\/uploads\/2021\/01\/50-urtez-karratua-web-300x300.jpg 300w, https:\/\/www.incansablestxaranga.com\/wp-content\/uploads\/2021\/01\/50-urtez-karratua-web-360x360.jpg 360w, https:\/\/www.incansablestxaranga.com\/wp-content\/uploads\/2021\/01\/50-urtez-karratua-web-100x100.jpg 100w, https:\/\/www.incansablestxaranga.com\/wp-content\/uploads\/2021\/01\/50-urtez-karratua-web-600x600.jpg 600w, https:\/\/www.incansablestxaranga.com\/wp-content\/uploads\/2021\/01\/50-urtez-karratua-web-160x160.jpg 160w, https:\/\/www.incansablestxaranga.com\/wp-content\/uploads\/2021\/01\/50-urtez-karratua-web-768x768.jpg 768w, https:\/\/www.incansablestxaranga.com\/wp-content\/uploads\/2021\/01\/50-urtez-karratua-web-80x80.jpg 80w, https:\/\/www.incansablestxaranga.com\/wp-content\/uploads\/2021\/01\/50-urtez-karratua-web-260x260.jpg 260w, https:\/\/www.incansablestxaranga.com\/wp-content\/uploads\/2021\/01\/50-urtez-karratua-web-560x560.jpg 560w, https:\/\/www.incansablestxaranga.com\/wp-content\/uploads\/2021\/01\/50-urtez-karratua-web-760x760.jpg 760w, https:\/\/www.incansablestxaranga.com\/wp-content\/uploads\/2021\/01\/50-urtez-karratua-web.jpg 1080w\" sizes=\"(max-width: 300px) 100vw, 300px\" \/><\/a>La charanga Incansables cumpli\u00f3 50 a\u00f1os el pasado a\u00f1o 2020. Ahora, hemos elaborado un disco-libro que recoge la trayectoria de la charanga aprovechando el aniversario. En el disco se han recopilado varios temas de la discograf\u00eda existente y se han introducido otros temas in\u00e9ditos y grabados para la ocasi\u00f3n; mientras, en el libro, se cuentan historias, vivencias y an\u00e9cdotas de Incansables, elaboradas desde la perspectiva de Joaqu\u00edn Ortega <em>Canario<\/em>, \u00fanico m\u00fasico que ha formado parte de la agrupaci\u00f3n durante los 50 a\u00f1os de historia. Refinando los textos del libro ha tomado parte la hernaniarra Ainara Ortega.<\/p>\n<p>Tras siete discos grabados en medio siglo, hemos querido crear un trabajo divulgativo para nuestras bodas de oro. A trav\u00e9s del disco-libro hemos querido recoger la evoluci\u00f3n de la agrupaci\u00f3n, su forma de trabajar la m\u00fasica, as\u00ed como dar a conocer algunos hechos sabidos y otros desconocidos. No suele ser habitual que un grupo musical siga funcionando durante 50 a\u00f1os, y nos parec\u00eda importante recoger lo que se ha hecho hasta ahora a trav\u00e9s de la m\u00fasica y las palabras. Con el disco-libro, Los Incansables hemos querido que lectores y oyentes viajen a lo largo de la historia. Para ello, a trav\u00e9s de c\u00f3digos QR, se ofrecer\u00e1 a los lectores la posibilidad de escuchar ciertas canciones y ver otros v\u00eddeos hist\u00f3ricos. El trabajo ha sido una apuesta al recopilar en un \u00fanico formato m\u00fasica, palabras y v\u00eddeos.<\/p>\n<p>El disco se podr\u00e1 adquirir en bares y comercios de ciertas localidades, o <a href=\"https:\/\/www.incansablestxaranga.com\/es\/tienda\/\" data-schema-attribute=\"\">a trav\u00e9s de la tienda on-line de la web<\/a> de la charanga, al precio de 20 euros. Queremos agradecer a los Ayuntamientos de Hernani, Tolosa, Amasa-Villabona, Bera, Lesaka, Valtierra y Leitza, que han apoyado el proyecto, y a la sociedad Aurrera de Leitza.<\/p>\n<h3><strong>La presentaci\u00f3n, el 22 de enero en Biteri<\/strong><\/h3>\n<p>Los Incansables presentaremos este trabajo que recoge los 50 a\u00f1os de historia en Hernani. El acto ser\u00e1 el 22 de enero, viernes, en la casa de cultura Biteri de Hernani, a partir de las 19:00 horas. Ser\u00e1 un acto de presentaci\u00f3n en el que no faltar\u00e1 la m\u00fasica en directo. La presentaci\u00f3n ser\u00e1 abierta para todo el publico, con las limitaciones de aforo del local, y se desarrollar\u00e1 siguiendo todas las recomendaciones sanitarias.<\/p>\n<h3><strong>\u00bfD\u00f3nde adquirir el disco-libro?<\/strong><strong>\u00a0<\/strong><\/h3>\n<ul>\n<li><strong>Bera: <\/strong>bar Xuga.<\/li>\n<li><strong>Hernani: <\/strong>Quisco de prensa de Plaza Berri y bares Aralar, Oindi y Txili.<\/li>\n<li><strong>Leitza: <\/strong>Librer\u00eda Maimur.<\/li>\n<li><strong>Lesaka: <\/strong>\u00d3ptica Intzuri y bar Koxkila.<\/li>\n<li><strong>Pamplona: <\/strong>Tienda de m\u00fasica Haizea y bar La Oreja.<\/li>\n<li><strong>Tolosa: <\/strong>Arri Studioa y bar Itaie.<\/li>\n<\/ul>\n<p>Opci\u00f3n de compra on-line en <a href=\"https:\/\/www.incansablestxaranga.com\/es\/tienda\/\" data-schema-attribute=\"\">la tienda de la web<\/a>.<\/p>\n","protected":false},"excerpt":{"rendered":"<p>Hemos publicado un disco-libro sobre nuestros 50 a\u00f1os de historia El disco est\u00e1 compuesto por nueve canciones; algunas de ellas recopiladas de otros discos, y otras no publicadas ni grabadas anteriormente. En el libro se recoge la historia de Incansables, proponiendo a los lectores algunas canciones y varios v\u00eddeos hist\u00f3ricos trav\u00e9s de c\u00f3digos QR. El [&hellip;]<\/p>\n","protected":false},"author":1,"featured_media":1023,"parent":0,"menu_order":0,"comment_status":"closed","ping_status":"closed","template":"","meta":{"footnotes":""},"class_list":["post-1026","page","type-page","status-publish","has-post-thumbnail","hentry"],"_links":{"self":[{"href":"https:\/\/www.incansablestxaranga.com\/es\/wp-json\/wp\/v2\/pages\/1026","targetHints":{"allow":["GET"]}}],"collection":[{"href":"https:\/\/www.incansablestxaranga.com\/es\/wp-json\/wp\/v2\/pages"}],"about":[{"href":"https:\/\/www.incansablestxaranga.com\/es\/wp-json\/wp\/v2\/types\/page"}],"author":[{"embeddable":true,"href":"https:\/\/www.incansablestxaranga.com\/es\/wp-json\/wp\/v2\/users\/1"}],"replies":[{"embeddable":true,"href":"https:\/\/www.incansablestxaranga.com\/es\/wp-json\/wp\/v2\/comments?post=1026"}],"version-history":[{"count":7,"href":"https:\/\/www.incansablestxaranga.com\/es\/wp-json\/wp\/v2\/pages\/1026\/revisions"}],"predecessor-version":[{"id":1098,"href":"https:\/\/www.incansablestxaranga.com\/es\/wp-json\/wp\/v2\/pages\/1026\/revisions\/1098"}],"wp:featuredmedia":[{"embeddable":true,"href":"https:\/\/www.incansablestxaranga.com\/es\/wp-json\/wp\/v2\/media\/1023"}],"wp:attachment":[{"href":"https:\/\/www.incansablestxaranga.com\/es\/wp-json\/wp\/v2\/media?parent=1026"}],"curies":[{"name":"wp","href":"https:\/\/api.w.org\/{rel}","templated":true}]}}