{"id":596,"date":"2013-10-29T13:12:59","date_gmt":"2013-10-29T12:12:59","guid":{"rendered":"https:\/\/www.incansablestxaranga.com\/la-charanga\/"},"modified":"2021-01-21T20:00:19","modified_gmt":"2021-01-21T19:00:19","slug":"charanga-incansables","status":"publish","type":"page","link":"https:\/\/www.incansablestxaranga.com\/es\/charanga-incansables\/","title":{"rendered":"La Charanga"},"content":{"rendered":"<p>La txaranga Incansables es una formaci\u00f3n musical integrada por 9 m\u00fasicos. Esta agrupaci\u00f3n posee una dilatada experiencia ya que son m\u00e1s de 40 a\u00f1os los que lleva actuando y animando las calles de diferentes localidades. Todos estos a\u00f1os de experiencia y la gran calidad musical han hecho de esta txaranga una de las mas punteras.<\/p>\n<p><img decoding=\"async\" class=\"margin-top-20 alignright wp-image-841 size-medium\" title=\"Fundadores de la charanga Incansables: Pipas, Zapa, Canario, Paotxa y Sietemesino\" src=\"https:\/\/www.incansablestxaranga.com\/wp-content\/uploads\/2013\/10\/fundadores_grande-300x208.jpg\" alt=\"Fundadores de la charanga Incansables: Pipas, Zapa, Canario, Paotxa y Sietemesino\" width=\"300\" height=\"208\" srcset=\"https:\/\/www.incansablestxaranga.com\/wp-content\/uploads\/2013\/10\/fundadores_grande-300x208.jpg 300w, https:\/\/www.incansablestxaranga.com\/wp-content\/uploads\/2013\/10\/fundadores_grande-600x417.jpg 600w, https:\/\/www.incansablestxaranga.com\/wp-content\/uploads\/2013\/10\/fundadores_grande-1160x804.jpg 1160w, https:\/\/www.incansablestxaranga.com\/wp-content\/uploads\/2013\/10\/fundadores_grande-260x180.jpg 260w, https:\/\/www.incansablestxaranga.com\/wp-content\/uploads\/2013\/10\/fundadores_grande-360x249.jpg 360w, https:\/\/www.incansablestxaranga.com\/wp-content\/uploads\/2013\/10\/fundadores_grande-560x388.jpg 560w, https:\/\/www.incansablestxaranga.com\/wp-content\/uploads\/2013\/10\/fundadores_grande-760x527.jpg 760w, https:\/\/www.incansablestxaranga.com\/wp-content\/uploads\/2013\/10\/fundadores_grande.jpg 1200w\" sizes=\"(max-width: 300px) 100vw, 300px\" \/>La historia de la txaranga comenz\u00f3 en el a\u00f1o 1971. Incansables, lo fundaron cinco amigos de Hernani, Tolosa y Villabona: Txomin Castro \u201cSietemesino\u201d, Jesus Maria Zalacain \u201cPipas\u201d, Jose F. Esnaola \u201cPaotxa\u201d, Felipe Sagarna \u201cZapa\u201d y Joaquin Ortega \u201cCanario\u201d, que es el \u00fanico fundador que actualmente sigue en activo. En un principio la formaci\u00f3n no ten\u00eda muchas responsabilidades, ten\u00edan la m\u00fasica como afici\u00f3n y viajaban de pueblo en pueblo, de juerga en juerga. En esta primera d\u00e9cada no cuidaron demasiado el aspecto musical, ya que prefer\u00edan cuidar sus est\u00f3magos, m\u00e1s que nada calmar su sed, y ante cualquier excusa sacar los instrumentos y animar las calles.<\/p>\n<p>Tras unos a\u00f1os de viajes y visitas a diferentes localidades (Breta\u00f1a, Issoudum, Bayona, Barcelona, Madrid, La Rioja y muchas localidades del Pa\u00eds Vasco), en la d\u00e9cada de los 80, queriendo mejorar la musicalidad de la txaranga, comenzaron a realizar grabaciones, ensayos, arreglos mas trabajados etc.<\/p>\n<p>Gran responsable del concepto que tenemos hoy en dia de la \u201ctxaranga\u201d, es del anteriormente nombrado \u201cCanario\u201d, que fue quien empez\u00f3 a darle al l\u00e1piz (como suele decir \u00e9l) y el que ha hecho la mayor\u00eda de arreglos de canciones para txaranga y muchas otras composiciones, que hoy en d\u00eda tantos <em>txarangueros<\/em> conocemos. El trabajo realizado enseguida comenz\u00f3 a dar sus frutos y las juergas empezaron a dejar hueco a la buena m\u00fasica en sus actuaciones. En los siguientes a\u00f1os, los arreglos y las composiciones ya citadas, siguieron incrementando su calidad como se puede comprobar en sus m\u00e1s de 3 LP-s, 4 CD-s y otras muchas grabaciones y publicaciones.<\/p>\n<p>Respecto al repertorio, decir que en su gran mayor\u00eda se basa en arreglos y composiciones originales realizadas por integrantes de la agrupaci\u00f3n, abarcando todo tipo de estilos y \u00e9pocas. Desde los cl\u00e1sicos pasodobles y jotas, hasta las canciones que se oyen hoy en d\u00eda, pasando por corridos y valses mexicanos, mambos, cumbias, rock-s, swings, y un largo etc. Sin olvidar nunca el amplio e importante repertorio musical vasco.<\/p>\n<p>En conclusi\u00f3n, si deseas organizar un evento, fiestas patronales, carnavales, comidas, conciertos o alg\u00fan otro tipo de evento, no dudes en contactar con nosotros, te atenderemos encantados.<\/p>\n","protected":false},"excerpt":{"rendered":"<p>La txaranga Incansables es una formaci\u00f3n musical integrada por 9 m\u00fasicos. Esta agrupaci\u00f3n posee una dilatada experiencia ya que son m\u00e1s de 40 a\u00f1os los que lleva actuando y animando las calles de diferentes localidades. Todos estos a\u00f1os de experiencia y la gran calidad musical han hecho de esta txaranga una de las mas punteras. [&hellip;]<\/p>\n","protected":false},"author":1,"featured_media":1121,"parent":0,"menu_order":0,"comment_status":"closed","ping_status":"closed","template":"","meta":{"footnotes":""},"class_list":["post-596","page","type-page","status-publish","has-post-thumbnail","hentry"],"_links":{"self":[{"href":"https:\/\/www.incansablestxaranga.com\/es\/wp-json\/wp\/v2\/pages\/596","targetHints":{"allow":["GET"]}}],"collection":[{"href":"https:\/\/www.incansablestxaranga.com\/es\/wp-json\/wp\/v2\/pages"}],"about":[{"href":"https:\/\/www.incansablestxaranga.com\/es\/wp-json\/wp\/v2\/types\/page"}],"author":[{"embeddable":true,"href":"https:\/\/www.incansablestxaranga.com\/es\/wp-json\/wp\/v2\/users\/1"}],"replies":[{"embeddable":true,"href":"https:\/\/www.incansablestxaranga.com\/es\/wp-json\/wp\/v2\/comments?post=596"}],"version-history":[{"count":15,"href":"https:\/\/www.incansablestxaranga.com\/es\/wp-json\/wp\/v2\/pages\/596\/revisions"}],"predecessor-version":[{"id":1265,"href":"https:\/\/www.incansablestxaranga.com\/es\/wp-json\/wp\/v2\/pages\/596\/revisions\/1265"}],"wp:featuredmedia":[{"embeddable":true,"href":"https:\/\/www.incansablestxaranga.com\/es\/wp-json\/wp\/v2\/media\/1121"}],"wp:attachment":[{"href":"https:\/\/www.incansablestxaranga.com\/es\/wp-json\/wp\/v2\/media?parent=596"}],"curies":[{"name":"wp","href":"https:\/\/api.w.org\/{rel}","templated":true}]}}