{"id":606,"date":"2013-11-04T16:03:45","date_gmt":"2013-11-04T15:03:45","guid":{"rendered":"https:\/\/www.incansablestxaranga.com\/discografia-2\/"},"modified":"2021-01-21T20:03:41","modified_gmt":"2021-01-21T19:03:41","slug":"charanga-incansables-discografia","status":"publish","type":"page","link":"https:\/\/www.incansablestxaranga.com\/es\/charanga-incansables-discografia\/","title":{"rendered":"Discograf\u00eda"},"content":{"rendered":"<h3><strong>50 A\u00f1os de Incansables<\/strong> (2020)<\/h3>\n<p><div class=\"col content-one-fifth first\"><a href=\"https:\/\/www.incansablestxaranga.com\/wp-content\/uploads\/2021\/01\/50-urtez-50-anos-de-incansables.jpg\"><img decoding=\"async\" class=\"alignnone wp-image-1258 size-medium\" style=\"margin-top: 0px; margin-bottom: 0px !important;\" title=\"50 A\u00f1os de Incansables\" src=\"https:\/\/www.incansablestxaranga.com\/wp-content\/uploads\/2021\/01\/50-urtez-50-anos-de-incansables-300x298.jpg\" alt=\"50 Urtez Incansables\" width=\"300\" height=\"298\" srcset=\"https:\/\/www.incansablestxaranga.com\/wp-content\/uploads\/2021\/01\/50-urtez-50-anos-de-incansables-300x298.jpg 300w, https:\/\/www.incansablestxaranga.com\/wp-content\/uploads\/2021\/01\/50-urtez-50-anos-de-incansables-160x160.jpg 160w, https:\/\/www.incansablestxaranga.com\/wp-content\/uploads\/2021\/01\/50-urtez-50-anos-de-incansables-768x762.jpg 768w, https:\/\/www.incansablestxaranga.com\/wp-content\/uploads\/2021\/01\/50-urtez-50-anos-de-incansables-80x80.jpg 80w, https:\/\/www.incansablestxaranga.com\/wp-content\/uploads\/2021\/01\/50-urtez-50-anos-de-incansables-260x258.jpg 260w, https:\/\/www.incansablestxaranga.com\/wp-content\/uploads\/2021\/01\/50-urtez-50-anos-de-incansables-360x357.jpg 360w, https:\/\/www.incansablestxaranga.com\/wp-content\/uploads\/2021\/01\/50-urtez-50-anos-de-incansables-560x556.jpg 560w, https:\/\/www.incansablestxaranga.com\/wp-content\/uploads\/2021\/01\/50-urtez-50-anos-de-incansables-760x754.jpg 760w, https:\/\/www.incansablestxaranga.com\/wp-content\/uploads\/2021\/01\/50-urtez-50-anos-de-incansables-600x596.jpg 600w, https:\/\/www.incansablestxaranga.com\/wp-content\/uploads\/2021\/01\/50-urtez-50-anos-de-incansables-100x100.jpg 100w, https:\/\/www.incansablestxaranga.com\/wp-content\/uploads\/2021\/01\/50-urtez-50-anos-de-incansables.jpg 1088w\" sizes=\"(max-width: 300px) 100vw, 300px\" \/><\/a><\/div><div class=\"col content-two-fifth\">\n1. El Zapa<br \/>\n2. Leitzako Herriari<br \/>\n3. 30 A\u00f1os<br \/>\n4. Zapatan Rapsody Op. 40<br \/>\n5. Txomin 18\/01\/1946<br \/>\n6. Dulce condena de oro<br \/>\n7. Musika, Lander<br \/>\n8. Orbagur 50<br \/>\n9. Los Incansables<\/div><span class=\"thb-divider\"><\/span><\/p>\n<h3><strong>Kabi Alai 75. Aniversario<\/strong> (2016)<\/h3>\n<p><div class=\"col content-one-fifth first\"><a class=\"item-thumb \" href=\"https:\/\/www.incansablestxaranga.com\/wp-content\/uploads\/2021\/01\/kabi-alai-75-urteurrena.jpg\"><img decoding=\"async\" class=\"alignnone wp-image-1251 size-full\" style=\"margin-top: 0px; margin-bottom: 0px !important;\" title=\"Kabi Alai Txaranga - 75. Aniversario (Incansables Txaranga)\" src=\"https:\/\/www.incansablestxaranga.com\/wp-content\/uploads\/2021\/01\/kabi-alai-75-urteurrena.jpg\" alt=\"\" width=\"254\" height=\"233\" \/><\/a><\/div><div class=\"col content-two-fifth\">1. Sasikoipatsu \u00abOstegun Gizen\u00bb<br \/>\n2. A Joxe Mari Amiano<br \/>\n3. Txomin 1946\/01\/18<br \/>\n4. Diana<br \/>\n5. Triling\u00fce<br \/>\n6. Antolinatxo<\/div><div class=\"col content-two-fifth last\">\n7. Praxkuarena<br \/>\n8. Irureta<br \/>\n9. Galtzaundi<br \/>\n10. Los Conformes<br \/>\n11. Kabi Alai<br \/>\n12. Jota<\/div><span class=\"thb-divider\"><\/span><\/p>\n<h3><strong>Omenez<\/strong> (2014)<\/h3>\n<p><div class=\"col content-one-fifth first\"><a class=\"item-thumb \" href=\"https:\/\/www.incansablestxaranga.com\/wp-content\/uploads\/2020\/03\/omenez-incansables-caratula.jpg\"><img decoding=\"async\" class=\"alignnone wp-image-984 size-medium\" style=\"margin-top: 0px; margin-bottom: 0px !important;\" src=\"https:\/\/www.incansablestxaranga.com\/wp-content\/uploads\/2020\/03\/omenez-incansables-caratula-300x298.jpg\" alt=\"Omenez Incansables Txaranga\" width=\"300\" height=\"298\" srcset=\"https:\/\/www.incansablestxaranga.com\/wp-content\/uploads\/2020\/03\/omenez-incansables-caratula-300x298.jpg 300w, https:\/\/www.incansablestxaranga.com\/wp-content\/uploads\/2020\/03\/omenez-incansables-caratula-100x100.jpg 100w, https:\/\/www.incansablestxaranga.com\/wp-content\/uploads\/2020\/03\/omenez-incansables-caratula-600x596.jpg 600w, https:\/\/www.incansablestxaranga.com\/wp-content\/uploads\/2020\/03\/omenez-incansables-caratula-1160x1151.jpg 1160w, https:\/\/www.incansablestxaranga.com\/wp-content\/uploads\/2020\/03\/omenez-incansables-caratula-160x160.jpg 160w, https:\/\/www.incansablestxaranga.com\/wp-content\/uploads\/2020\/03\/omenez-incansables-caratula-768x762.jpg 768w, https:\/\/www.incansablestxaranga.com\/wp-content\/uploads\/2020\/03\/omenez-incansables-caratula-1536x1524.jpg 1536w, https:\/\/www.incansablestxaranga.com\/wp-content\/uploads\/2020\/03\/omenez-incansables-caratula-80x80.jpg 80w, https:\/\/www.incansablestxaranga.com\/wp-content\/uploads\/2020\/03\/omenez-incansables-caratula-260x258.jpg 260w, https:\/\/www.incansablestxaranga.com\/wp-content\/uploads\/2020\/03\/omenez-incansables-caratula-360x357.jpg 360w, https:\/\/www.incansablestxaranga.com\/wp-content\/uploads\/2020\/03\/omenez-incansables-caratula-560x556.jpg 560w, https:\/\/www.incansablestxaranga.com\/wp-content\/uploads\/2020\/03\/omenez-incansables-caratula-760x754.jpg 760w, https:\/\/www.incansablestxaranga.com\/wp-content\/uploads\/2020\/03\/omenez-incansables-caratula.jpg 1088w\" sizes=\"(max-width: 300px) 100vw, 300px\" \/><\/a><\/div><div class=\"col content-two-fifth\">1. Santxorro<br \/>\n2. Adi\u00f3s por siempre<br \/>\n3. La polka verguensa<br \/>\n4. That&#8217;s Plenty<br \/>\n5. Errenteria &amp; Volgako doinuak<br \/>\n6. Metro Goldwyn Mayer Presents<br \/>\n7. Ska gogoz<br \/>\n8. L\u00e1grima negras<\/div><div class=\"col content-two-fifth last\">\n9. Zapatan Rapsody Op.40<br \/>\n10. Blues Brothers Middley<br \/>\n11. Ma que diche<br \/>\n12. Street melody<br \/>\n13. El boti<br \/>\n14. Big Band Train<br \/>\n15. Beti Egarriak<br \/>\n16. Txomin 18-01-1946<\/div><span class=\"thb-divider\"><\/span><\/p>\n<h3><strong>16 kolore Jai Bat<\/strong> (2007)<\/h3>\n<p><div class=\"col content-one-fifth first\"><a class=\"item-thumb \" href=\"https:\/\/www.incansablestxaranga.com\/wp-content\/uploads\/2013\/11\/16_kolore_jai_bat_2007.jpg\"><img decoding=\"async\" class=\"size-medium wp-image-850 aligncenter\" style=\"margin-top: 0px; margin-bottom: 0px !important;\" src=\"https:\/\/www.incansablestxaranga.com\/wp-content\/uploads\/2013\/11\/16_kolore_jai_bat_2007-300x295.jpg\" alt=\"16 Kolore Jai Bat - 2007 Portada\" width=\"300\" height=\"295\" srcset=\"https:\/\/www.incansablestxaranga.com\/wp-content\/uploads\/2013\/11\/16_kolore_jai_bat_2007-300x295.jpg 300w, https:\/\/www.incansablestxaranga.com\/wp-content\/uploads\/2013\/11\/16_kolore_jai_bat_2007-80x80.jpg 80w, https:\/\/www.incansablestxaranga.com\/wp-content\/uploads\/2013\/11\/16_kolore_jai_bat_2007-260x256.jpg 260w, https:\/\/www.incansablestxaranga.com\/wp-content\/uploads\/2013\/11\/16_kolore_jai_bat_2007-360x355.jpg 360w, https:\/\/www.incansablestxaranga.com\/wp-content\/uploads\/2013\/11\/16_kolore_jai_bat_2007-560x552.jpg 560w, https:\/\/www.incansablestxaranga.com\/wp-content\/uploads\/2013\/11\/16_kolore_jai_bat_2007.jpg 591w\" sizes=\"(max-width: 300px) 100vw, 300px\" \/><\/a><\/div><div class=\"col content-two-fifth\">1. Vals de astrain (Txaranga Incansables)<br \/>\n2. Aldapa (Txaranga Jarauta 69)<br \/>\n3. Alegr\u00eda de Iru\u00f1a (Txaranga Incansables)<br \/>\n4. Anaitasuna (Txaranga Nesken)<br \/>\n5. Armon\u00eda Txantreana (Txaranga Jaiak)<br \/>\n6. Donibane (Txaranga Incansables)<br \/>\n7. El bullicio pamplon\u00e9s (Txaranga Nesken)<br \/>\n8. El txarko (Txaranga Incansables)<br \/>\n9. Irrintzi (Txaranga Jaiak) <\/div><div class=\"col content-two-fifth last\">\n10. La jarana (Txaranga Jarauta 69)<br \/>\n11. La \u00fanica (Txaranga Jaiak)<br \/>\n12. Los del Bronce (Txaranga Jarauta 69)<br \/>\n13. Muthiko Alaiak (Txaranga Nesken)<br \/>\n14. Oberena (Txaranga Incansables)<br \/>\n15. Rotxapea (Txaranga Incansables)<br \/>\n16. Sanduzelai (Txaranga Jarauta 69)<br \/>\n17. San Ferm\u00edn (Txaranga Nesken)\n<\/div><span class=\"thb-divider\"><\/span><\/p>\n<h3><strong>Giro Bero<\/strong> (2000)<\/h3>\n<p><div class=\"col content-one-fifth first\"><a class=\"item-thumb \" href=\"https:\/\/www.incansablestxaranga.com\/wp-content\/uploads\/2013\/11\/giro_bero_2000.jpg\"><img decoding=\"async\" class=\"size-full wp-image-851 aligncenter\" style=\"margin-top: 0px; margin-bottom: 0px !important;\" src=\"https:\/\/www.incansablestxaranga.com\/wp-content\/uploads\/2013\/11\/giro_bero_2000.jpg\" alt=\"giro_bero_2000\" width=\"300\" height=\"300\" srcset=\"https:\/\/www.incansablestxaranga.com\/wp-content\/uploads\/2013\/11\/giro_bero_2000.jpg 300w, https:\/\/www.incansablestxaranga.com\/wp-content\/uploads\/2013\/11\/giro_bero_2000-100x100.jpg 100w, https:\/\/www.incansablestxaranga.com\/wp-content\/uploads\/2013\/11\/giro_bero_2000-160x160.jpg 160w, https:\/\/www.incansablestxaranga.com\/wp-content\/uploads\/2013\/11\/giro_bero_2000-80x80.jpg 80w, https:\/\/www.incansablestxaranga.com\/wp-content\/uploads\/2013\/11\/giro_bero_2000-260x260.jpg 260w\" sizes=\"(max-width: 300px) 100vw, 300px\" \/><\/a><\/div><div class=\"col content-two-fifth\">1. 30 A\u00f1os (Corrido)<br \/>\n2. Hi Bizi Haiz Hi (Pasacalles)<br \/>\n3. Mam Bop (Ch\u00e0-Ch\u00e0-Ch\u00e0)<br \/>\n4. El Siete Machos (Valses Mexicanos)<br \/>\n5. En Forma (Swing)<br \/>\n6. Txinita &#8211; Bare Bare (Jota-Arin Arin)<br \/>\n7. A Ze Saltsa (Sambas)<\/div><div class=\"col content-two-fifth last\">8. Mendirik Mendi (Kalejira)<br \/>\n9. Euskal Opera (Valses)<br \/>\n10. Rockanrolaz Blai (Rock &amp; Roll)<br \/>\n11. Mambo Caliente (Mambo)<br \/>\n12. Mexico (Corrido)<br \/>\n13. Jota de Los Toros (Jota)<br \/>\n14. Arbola (Pasacalles)\n<\/div><span class=\"thb-divider\"><\/span><\/p>\n<h3><strong>Hernanin Entzuna<\/strong> (1999) Kolaborazioa<\/h3>\n<p><div class=\"col content-one-fifth first\"><a class=\"item-thumb \" href=\"https:\/\/www.incansablestxaranga.com\/wp-content\/uploads\/2013\/11\/hernanin_entzuna_1999.jpg\"><img decoding=\"async\" class=\"size-full wp-image-855 aligncenter\" style=\"margin-top: 0px; margin-bottom: 0px !important;\" src=\"https:\/\/www.incansablestxaranga.com\/wp-content\/uploads\/2013\/11\/hernanin_entzuna_1999-300x293.jpg\" alt=\"hernanin_entzuna_1999\" width=\"300\" height=\"293\" srcset=\"https:\/\/www.incansablestxaranga.com\/wp-content\/uploads\/2013\/11\/hernanin_entzuna_1999-300x293.jpg 300w, https:\/\/www.incansablestxaranga.com\/wp-content\/uploads\/2013\/11\/hernanin_entzuna_1999-260x254.jpg 260w, https:\/\/www.incansablestxaranga.com\/wp-content\/uploads\/2013\/11\/hernanin_entzuna_1999-360x351.jpg 360w, https:\/\/www.incansablestxaranga.com\/wp-content\/uploads\/2013\/11\/hernanin_entzuna_1999.jpg 400w\" sizes=\"(max-width: 300px) 100vw, 300px\" \/><\/a><\/div><div class=\"col content-two-fifth\">1. Agurra<br \/>\n2. Martxa<br \/>\n3. Azeri dantza<br \/>\n4. Sokamuturra<br \/>\n5. Idiarena<br \/>\n6. Nire herriko jaiak<br \/>\n7. San joan zortzikoa<br \/>\n8. San Joan erronda<br \/>\n9. Gizon dantza; aurreskua; Aurkez aurke; Banan- banangoa; Agurra\n<\/div><div class=\"col content-two-fifth last\">10. Mendirik mendi<br \/>\n11. San Joan zortzikoa<br \/>\n12. Toberak<br \/>\n13. Olenzaro<br \/>\n14. Urte zahar erronda<br \/>\n15. Urte berri goiza<br \/>\n16. Hernaniko Martxa<\/p>\n<audio class=\"wp-audio-shortcode\" id=\"audio-606-1\" preload=\"none\" style=\"width: 100%;\" controls=\"controls\"><source type=\"audio\/mpeg\" src=\"https:\/\/www.incansablestxaranga.com\/wp-content\/uploads\/2013\/11\/Hernaniko-Martxa-Incansables-Txaranga.mp3?_=1\" \/><a href=\"https:\/\/www.incansablestxaranga.com\/wp-content\/uploads\/2013\/11\/Hernaniko-Martxa-Incansables-Txaranga.mp3\">https:\/\/www.incansablestxaranga.com\/wp-content\/uploads\/2013\/11\/Hernaniko-Martxa-Incansables-Txaranga.mp3<\/a><\/audio>\n<\/div><span class=\"thb-divider\"><\/span><\/p>\n<h3><strong>Leitzaz Gero 25 Urte<\/strong> (1996)<\/h3>\n<p><div class=\"col content-one-fifth first\"><a class=\"item-thumb \" href=\"https:\/\/www.incansablestxaranga.com\/wp-content\/uploads\/2013\/11\/IMG_0505.jpg\"><img decoding=\"async\" class=\"size-medium wp-image-852 aligncenter\" style=\"margin-top: 0px; margin-bottom: 0px !important;\" src=\"https:\/\/www.incansablestxaranga.com\/wp-content\/uploads\/2013\/11\/IMG_0505-300x300.jpg\" alt=\"Leitza Gero 25 urte kalez kale\" width=\"300\" height=\"300\" srcset=\"https:\/\/www.incansablestxaranga.com\/wp-content\/uploads\/2013\/11\/IMG_0505-300x300.jpg 300w, https:\/\/www.incansablestxaranga.com\/wp-content\/uploads\/2013\/11\/IMG_0505-360x359.jpg 360w, https:\/\/www.incansablestxaranga.com\/wp-content\/uploads\/2013\/11\/IMG_0505-100x100.jpg 100w, https:\/\/www.incansablestxaranga.com\/wp-content\/uploads\/2013\/11\/IMG_0505-600x598.jpg 600w, https:\/\/www.incansablestxaranga.com\/wp-content\/uploads\/2013\/11\/IMG_0505-160x160.jpg 160w, https:\/\/www.incansablestxaranga.com\/wp-content\/uploads\/2013\/11\/IMG_0505-1160x1156.jpg 1160w, https:\/\/www.incansablestxaranga.com\/wp-content\/uploads\/2013\/11\/IMG_0505-80x80.jpg 80w, https:\/\/www.incansablestxaranga.com\/wp-content\/uploads\/2013\/11\/IMG_0505-260x259.jpg 260w, https:\/\/www.incansablestxaranga.com\/wp-content\/uploads\/2013\/11\/IMG_0505-560x558.jpg 560w, https:\/\/www.incansablestxaranga.com\/wp-content\/uploads\/2013\/11\/IMG_0505-760x757.jpg 760w, https:\/\/www.incansablestxaranga.com\/wp-content\/uploads\/2013\/11\/IMG_0505.jpg 1083w\" sizes=\"(max-width: 300px) 100vw, 300px\" \/><\/a> <\/div><div class=\"col content-two-fifth\">1. El Zapa (Martxa)<br \/>\n2. Bonito Tecalitlan (Vals Mexicano)<br \/>\n3. Mucho Sabes tu (Rock &amp; Roll)<br \/>\n4. Fandango N\u00ba7 &#8211; Muttiko Arttobi (Fandango &#8211; Arin arin)<br \/>\n5. P\u00ednchame con tenedor (Ch\u00e1-ch\u00e1-ch\u00e1)<br \/>\n6. De Jalisco a Guadalajara (Mexicanas)<\/div><div class=\"col content-two-fifth last\">7. La flor de La Rioja (Jota)<br \/>\n8. Leitzako jaietan (Pasacalles)<br \/>\n9. Txurrimuski (Dixieland)<br \/>\n10. Saguate Cumbia (Cumbia)<br \/>\n11. Goiarro &#8211; Nere Alabei (Fandango &#8211; Arin arin)<br \/>\n12. Tijuana La Loca (Tijuanas)<br \/>\n13. Los Incansables (Pasacalles)\n<\/div><span class=\"thb-divider\"><\/span><\/p>\n<h3><strong>Erokerian<\/strong> (1992)<\/h3>\n<p><div class=\"col content-one-fifth first\"> <a class=\"item-thumb \" href=\"https:\/\/www.incansablestxaranga.com\/wp-content\/uploads\/2013\/11\/erokerian_1992.jpg\"><img decoding=\"async\" class=\"size-medium wp-image-853 aligncenter\" style=\"margin-top: 0px; margin-bottom: 0px !important;\" src=\"https:\/\/www.incansablestxaranga.com\/wp-content\/uploads\/2013\/11\/erokerian_1992-300x285.jpg\" alt=\"Erokerian\" width=\"300\" height=\"285\" srcset=\"https:\/\/www.incansablestxaranga.com\/wp-content\/uploads\/2013\/11\/erokerian_1992-300x285.jpg 300w, https:\/\/www.incansablestxaranga.com\/wp-content\/uploads\/2013\/11\/erokerian_1992-260x247.jpg 260w, https:\/\/www.incansablestxaranga.com\/wp-content\/uploads\/2013\/11\/erokerian_1992-360x342.jpg 360w, https:\/\/www.incansablestxaranga.com\/wp-content\/uploads\/2013\/11\/erokerian_1992.jpg 400w\" sizes=\"(max-width: 300px) 100vw, 300px\" \/><\/a><\/div><div class=\"col content-two-fifth\">1. Ajolabaiko<br \/>\n2. El Jalisciense<br \/>\n3. Poupurri 1<br \/>\n4. Jota eta arin arin<br \/>\n5. Apoteosis ye ye<br \/>\n6. La pilindros<\/div><div class=\"col content-two-fifth last\">7. Koxkomoxkorro<br \/>\n8. Maria de los Angeles<br \/>\n9. Poupurri 2<br \/>\n10. Jota eta arin arin<br \/>\n11. El bu\u00f1uelo de Maria<br \/>\n12. Eroetxe<\/div><span class=\"thb-divider\"><\/span><\/p>\n<h3><strong>LP 3<\/strong> (1985)<\/h3>\n<p><div class=\"col content-one-fifth first\"><a class=\"item-thumb \" href=\"https:\/\/www.incansablestxaranga.com\/wp-content\/uploads\/2013\/11\/los_incansables_lp_1985.jpg\"><img decoding=\"async\" class=\"size-medium wp-image-848 aligncenter\" style=\"margin-top: 0px; margin-bottom: 0px !important;\" src=\"https:\/\/www.incansablestxaranga.com\/wp-content\/uploads\/2013\/11\/los_incansables_lp_1985-281x300.jpg\" alt=\"los_incansables_lp_1985\" width=\"281\" height=\"300\" srcset=\"https:\/\/www.incansablestxaranga.com\/wp-content\/uploads\/2013\/11\/los_incansables_lp_1985-281x300.jpg 281w, https:\/\/www.incansablestxaranga.com\/wp-content\/uploads\/2013\/11\/los_incansables_lp_1985-300x320.jpg 300w, https:\/\/www.incansablestxaranga.com\/wp-content\/uploads\/2013\/11\/los_incansables_lp_1985-260x277.jpg 260w, https:\/\/www.incansablestxaranga.com\/wp-content\/uploads\/2013\/11\/los_incansables_lp_1985-360x384.jpg 360w, https:\/\/www.incansablestxaranga.com\/wp-content\/uploads\/2013\/11\/los_incansables_lp_1985.jpg 550w\" sizes=\"(max-width: 281px) 100vw, 281px\" \/><\/a><\/div><div class=\"col content-two-fifth\">1. Pasacalles<br \/>\n2. Furra furra<br \/>\n3. Forjarien kanta<br \/>\n4. Jota eta arin arin<br \/>\n5. Txantxillo<br \/>\n6. Mi linda se\u00f1orita<br \/>\n7. Violetaren martxa<\/div><div class=\"col content-two-fifth last\">8. Maria bonita<br \/>\n9. Itun Txulo<br \/>\n10. Jota eta arin arin<br \/>\n11. Tu ya no soplas<br \/>\n12. S. D. Batasuna<br \/>\n13. Juventud vieja\n<\/div><span class=\"thb-divider\"><\/span><\/p>\n<h3><strong>LP 2<\/strong> (1983)<\/h3>\n<p><div class=\"col content-one-fifth first\"><a class=\"item-thumb \" href=\"https:\/\/www.incansablestxaranga.com\/wp-content\/uploads\/2013\/11\/los_incansables_1983.jpg\"><img decoding=\"async\" class=\"size-medium wp-image-854 aligncenter\" style=\"margin-top: 0px; margin-bottom: 0px !important;\" src=\"https:\/\/www.incansablestxaranga.com\/wp-content\/uploads\/2013\/11\/los_incansables_1983-300x275.jpg\" alt=\"Los Incansables 1983\" width=\"300\" height=\"275\" srcset=\"https:\/\/www.incansablestxaranga.com\/wp-content\/uploads\/2013\/11\/los_incansables_1983-300x275.jpg 300w, https:\/\/www.incansablestxaranga.com\/wp-content\/uploads\/2013\/11\/los_incansables_1983.jpg 447w, https:\/\/www.incansablestxaranga.com\/wp-content\/uploads\/2013\/11\/los_incansables_1983-260x238.jpg 260w, https:\/\/www.incansablestxaranga.com\/wp-content\/uploads\/2013\/11\/los_incansables_1983-360x330.jpg 360w\" sizes=\"(max-width: 300px) 100vw, 300px\" \/><\/a> <\/div><div class=\"col content-two-fifth\">1. Los incansables<br \/>\n2. Le lere rele<br \/>\n3. Guadalajara<br \/>\n4. Los conformes<br \/>\n5. El alaves<br \/>\n6. Tequila<br \/>\n7. Napoleones\n<\/div> <div class=\"col content-two-fifth last\">\n8. Deva<br \/>\n9. Jota de los toros<br \/>\n10. Manbo N\u00ba 5<br \/>\n11. Pe\u00f1as de Alsasua<br \/>\n12. Arin-arin<br \/>\n13. Tamborrada de Lesaka<br \/>\n14. La tralla<\/div><span class=\"thb-divider\"><\/span><\/p>\n<h3><strong>LP 1<\/strong> (1980)<\/h3>\n<p><div class=\"col content-one-fifth first\"><div class=\"col content-one-fifth first first\"><\/div> <a class=\"item-thumb \" href=\"https:\/\/www.incansablestxaranga.com\/wp-content\/uploads\/2013\/11\/los_incansables_lp_1980.jpg\"><img decoding=\"async\" class=\"size-medium wp-image-847 aligncenter\" style=\"margin-top: 0px; margin-bottom: 0px !important;\" src=\"https:\/\/www.incansablestxaranga.com\/wp-content\/uploads\/2013\/11\/los_incansables_lp_1980-e1383673971866-300x293.jpg\" alt=\"los_incansables_lp_1980\" width=\"300\" height=\"297\" srcset=\"https:\/\/www.incansablestxaranga.com\/wp-content\/uploads\/2013\/11\/los_incansables_lp_1980-e1383673971866-100x100.jpg 100w, https:\/\/www.incansablestxaranga.com\/wp-content\/uploads\/2013\/11\/los_incansables_lp_1980-e1383673971866-150x150.jpg 150w\" sizes=\"(max-width: 300px) 100vw, 300px\" \/><\/a><\/div><div class=\"col content-two-fifth\">1. El zapa<br \/>\n2. Gereka Rena<br \/>\n3. Arin Arin<br \/>\n4. La bota<br \/>\n5. Herri Kalejira<br \/>\n6. Txuri Urdin<\/div><div class=\"col content-two-fifth last\">7. Euskal Herria<br \/>\n8. Herri Fandangoa<br \/>\n9. Jarabe Tapatio<br \/>\n10. Ba Gare<br \/>\n11. Iriarena<\/div><\/p>\n","protected":false},"excerpt":{"rendered":"<p>50 A\u00f1os de Incansables (2020) Kabi Alai 75. Aniversario (2016) Omenez (2014) 16 kolore Jai Bat (2007) Giro Bero (2000) Hernanin Entzuna (1999) Kolaborazioa Leitzaz Gero 25 Urte (1996) Erokerian (1992) LP 3 (1985) LP 2 (1983) LP 1 (1980)<\/p>\n","protected":false},"author":1,"featured_media":262,"parent":0,"menu_order":0,"comment_status":"closed","ping_status":"closed","template":"","meta":{"footnotes":""},"class_list":["post-606","page","type-page","status-publish","has-post-thumbnail","hentry"],"_links":{"self":[{"href":"https:\/\/www.incansablestxaranga.com\/es\/wp-json\/wp\/v2\/pages\/606","targetHints":{"allow":["GET"]}}],"collection":[{"href":"https:\/\/www.incansablestxaranga.com\/es\/wp-json\/wp\/v2\/pages"}],"about":[{"href":"https:\/\/www.incansablestxaranga.com\/es\/wp-json\/wp\/v2\/types\/page"}],"author":[{"embeddable":true,"href":"https:\/\/www.incansablestxaranga.com\/es\/wp-json\/wp\/v2\/users\/1"}],"replies":[{"embeddable":true,"href":"https:\/\/www.incansablestxaranga.com\/es\/wp-json\/wp\/v2\/comments?post=606"}],"version-history":[{"count":9,"href":"https:\/\/www.incansablestxaranga.com\/es\/wp-json\/wp\/v2\/pages\/606\/revisions"}],"predecessor-version":[{"id":1269,"href":"https:\/\/www.incansablestxaranga.com\/es\/wp-json\/wp\/v2\/pages\/606\/revisions\/1269"}],"wp:featuredmedia":[{"embeddable":true,"href":"https:\/\/www.incansablestxaranga.com\/es\/wp-json\/wp\/v2\/media\/262"}],"wp:attachment":[{"href":"https:\/\/www.incansablestxaranga.com\/es\/wp-json\/wp\/v2\/media?parent=606"}],"curies":[{"name":"wp","href":"https:\/\/api.w.org\/{rel}","templated":true}]}}